{"id":336,"date":"2019-12-30T13:10:10","date_gmt":"2019-12-30T12:10:10","guid":{"rendered":"http:\/\/moisesdavia.es\/?page_id=336"},"modified":"2026-02-02T15:40:51","modified_gmt":"2026-02-02T14:40:51","slug":"contacto","status":"publish","type":"page","link":"https:\/\/moisesdavia.es\/?page_id=336","title":{"rendered":"Contacto"},"content":{"rendered":"\t\t<div data-elementor-type=\"wp-page\" data-elementor-id=\"336\" class=\"elementor elementor-336\">\n\t\t\t\t\t\t<section class=\"elementor-section elementor-top-section elementor-element elementor-element-e5616e1 elementor-section-boxed elementor-section-height-default elementor-section-height-default\" data-id=\"e5616e1\" data-element_type=\"section\" data-e-type=\"section\">\n\t\t\t\t\t\t<div class=\"elementor-container elementor-column-gap-default\">\n\t\t\t\t\t<div class=\"elementor-column elementor-col-100 elementor-top-column elementor-element elementor-element-789c9d5\" data-id=\"789c9d5\" data-element_type=\"column\" data-e-type=\"column\">\n\t\t\t<div class=\"elementor-widget-wrap elementor-element-populated\">\n\t\t\t\t\t\t<div class=\"elementor-element elementor-element-9a5a708 elementor-widget elementor-widget-text-editor\" data-id=\"9a5a708\" data-element_type=\"widget\" data-e-type=\"widget\" data-widget_type=\"text-editor.default\">\n\t\t\t\t<div class=\"elementor-widget-container\">\n\t\t\t\t\t\t\t\t\t<p>Toda la informaci\u00f3n publicada y compartida en este sitio ha sido recopilada por <strong>Alejandro Ruiz Davia<\/strong>&nbsp;(nieto de Mois\u00e9s Davia) con la inestimable colaboraci\u00f3n de mi abuela&nbsp;<strong>Paquita Moratilla&nbsp;Redondo<\/strong>&nbsp;(viuda de Mois\u00e9s Davia), quien fue la principal colaboradora y fuente de informaci\u00f3n desde que empec\u00e9 este proyecto a principios del siglo XXI.<\/p>\n<p><\/p>\t\t\t\t\t\t\t\t<\/div>\n\t\t\t\t<\/div>\n\t\t\t\t<div class=\"elementor-element elementor-element-b7336f3 elementor-widget elementor-widget-spacer\" data-id=\"b7336f3\" data-element_type=\"widget\" data-e-type=\"widget\" data-widget_type=\"spacer.default\">\n\t\t\t\t<div class=\"elementor-widget-container\">\n\t\t\t\t\t\t\t<div class=\"elementor-spacer\">\n\t\t\t<div class=\"elementor-spacer-inner\"><\/div>\n\t\t<\/div>\n\t\t\t\t\t\t<\/div>\n\t\t\t\t<\/div>\n\t\t\t\t<section class=\"elementor-section elementor-inner-section elementor-element elementor-element-0f728b2 elementor-section-boxed elementor-section-height-default elementor-section-height-default\" data-id=\"0f728b2\" data-element_type=\"section\" data-e-type=\"section\">\n\t\t\t\t\t\t<div class=\"elementor-container elementor-column-gap-default\">\n\t\t\t\t\t<div class=\"elementor-column elementor-col-50 elementor-inner-column elementor-element elementor-element-42110e0\" data-id=\"42110e0\" data-element_type=\"column\" data-e-type=\"column\">\n\t\t\t<div class=\"elementor-widget-wrap elementor-element-populated\">\n\t\t\t\t\t\t<div class=\"elementor-element elementor-element-cf9f8c8 elementor-widget elementor-widget-image\" data-id=\"cf9f8c8\" data-element_type=\"widget\" data-e-type=\"widget\" data-widget_type=\"image.default\">\n\t\t\t\t<div class=\"elementor-widget-container\">\n\t\t\t\t\t\t\t\t\t\t\t\t\t\t\t<img decoding=\"async\" width=\"80\" height=\"82\" src=\"https:\/\/moisesdavia.es\/wp-content\/uploads\/yo.jpg\" class=\"attachment-thumbnail size-thumbnail wp-image-346\" alt=\"\" \/>\t\t\t\t\t\t\t\t\t\t\t\t\t\t\t<\/div>\n\t\t\t\t<\/div>\n\t\t\t\t<div class=\"elementor-element elementor-element-42917b6 elementor-widget elementor-widget-text-editor\" data-id=\"42917b6\" data-element_type=\"widget\" data-e-type=\"widget\" data-widget_type=\"text-editor.default\">\n\t\t\t\t<div class=\"elementor-widget-container\">\n\t\t\t\t\t\t\t\t\t<p style=\"text-align: center;\"><strong><a href=\"mailto:alejandro@moisesdavia.com\" target=\"_blank\" rel=\"noopener\">Alejandro Ruiz Davia<\/a><\/strong><br \/><i>Nieto de Mois\u00e9s Davia Soriano<\/i><\/p>\t\t\t\t\t\t\t\t<\/div>\n\t\t\t\t<\/div>\n\t\t\t\t\t<\/div>\n\t\t<\/div>\n\t\t\t\t<div class=\"elementor-column elementor-col-50 elementor-inner-column elementor-element elementor-element-49fbf47\" data-id=\"49fbf47\" data-element_type=\"column\" data-e-type=\"column\">\n\t\t\t<div class=\"elementor-widget-wrap elementor-element-populated\">\n\t\t\t\t\t\t<div class=\"elementor-element elementor-element-198fe50 elementor-widget elementor-widget-image\" data-id=\"198fe50\" data-element_type=\"widget\" data-e-type=\"widget\" data-widget_type=\"image.default\">\n\t\t\t\t<div class=\"elementor-widget-container\">\n\t\t\t\t\t\t\t\t\t\t\t\t\t\t\t<img decoding=\"async\" width=\"80\" height=\"82\" src=\"https:\/\/moisesdavia.es\/wp-content\/uploads\/Papipa-2009_80x82-1.jpg\" class=\"attachment-thumbnail size-thumbnail wp-image-351\" alt=\"\" \/>\t\t\t\t\t\t\t\t\t\t\t\t\t\t\t<\/div>\n\t\t\t\t<\/div>\n\t\t\t\t<div class=\"elementor-element elementor-element-ac1060c elementor-widget elementor-widget-text-editor\" data-id=\"ac1060c\" data-element_type=\"widget\" data-e-type=\"widget\" data-widget_type=\"text-editor.default\">\n\t\t\t\t<div class=\"elementor-widget-container\">\n\t\t\t\t\t\t\t\t\t<p style=\"text-align: center;\"><b>Paquita Moratilla Redondo (1923-2017)<\/b><br \/><em>Viuda de\u00a0Mois\u00e9s Davia Soriano<\/em><\/p>\t\t\t\t\t\t\t\t<\/div>\n\t\t\t\t<\/div>\n\t\t\t\t\t<\/div>\n\t\t<\/div>\n\t\t\t\t\t<\/div>\n\t\t<\/section>\n\t\t\t\t<div class=\"elementor-element elementor-element-f0513dd elementor-widget elementor-widget-spacer\" data-id=\"f0513dd\" data-element_type=\"widget\" data-e-type=\"widget\" data-widget_type=\"spacer.default\">\n\t\t\t\t<div class=\"elementor-widget-container\">\n\t\t\t\t\t\t\t<div class=\"elementor-spacer\">\n\t\t\t<div class=\"elementor-spacer-inner\"><\/div>\n\t\t<\/div>\n\t\t\t\t\t\t<\/div>\n\t\t\t\t<\/div>\n\t\t\t\t<div class=\"elementor-element elementor-element-a6729c1 elementor-widget elementor-widget-text-editor\" data-id=\"a6729c1\" data-element_type=\"widget\" data-e-type=\"widget\" data-widget_type=\"text-editor.default\">\n\t\t\t\t<div class=\"elementor-widget-container\">\n\t\t\t\t\t\t\t\t\t<p>Partiendo de la informaci\u00f3n y material del que ya dispon\u00edamos, desde que empezamos este proyecto en 2004 tanto mi abuela como yo hemos estado realizando una labor de recopilaci\u00f3n de partituras, fotograf\u00edas, noticias y dem\u00e1s material relacionado con la vida obra de Mois\u00e9s Davia Soriano. Cualquier sugerencia, comentario, nuevo dato o material siempre ser\u00e1 bienvenido.<\/p><p>Si lo desean, pueden contactar directamente por <a href=\"mailto:alejandro@moisesdavia.com\" target=\"_blank\" rel=\"noopener\" data-wplink-edit=\"true\">e-mail,<\/a> o bien dejar un comentario a continuaci\u00f3n:<\/p>\t\t\t\t\t\t\t\t<\/div>\n\t\t\t\t<\/div>\n\t\t\t\t\t<\/div>\n\t\t<\/div>\n\t\t\t\t\t<\/div>\n\t\t<\/section>\n\t\t\t\t<section class=\"elementor-section elementor-top-section elementor-element elementor-element-2e2e99d elementor-section-boxed elementor-section-height-default elementor-section-height-default\" data-id=\"2e2e99d\" data-element_type=\"section\" data-e-type=\"section\">\n\t\t\t\t\t\t<div class=\"elementor-container elementor-column-gap-default\">\n\t\t\t\t\t<div class=\"elementor-column elementor-col-100 elementor-top-column elementor-element elementor-element-1de20b2\" data-id=\"1de20b2\" data-element_type=\"column\" data-e-type=\"column\">\n\t\t\t<div class=\"elementor-widget-wrap elementor-element-populated\">\n\t\t\t\t\t\t<div class=\"elementor-element elementor-element-a9b977c elementor-shape-rounded elementor-grid-0 e-grid-align-center elementor-widget elementor-widget-social-icons\" data-id=\"a9b977c\" data-element_type=\"widget\" data-e-type=\"widget\" data-widget_type=\"social-icons.default\">\n\t\t\t\t<div class=\"elementor-widget-container\">\n\t\t\t\t\t\t\t<div class=\"elementor-social-icons-wrapper elementor-grid\" role=\"list\">\n\t\t\t\t\t\t\t<span class=\"elementor-grid-item\" role=\"listitem\">\n\t\t\t\t\t<a class=\"elementor-icon elementor-social-icon elementor-social-icon-youtube elementor-repeater-item-5dde1cb\" href=\"https:\/\/www.youtube.com\/user\/moisesdavia\" target=\"_blank\">\n\t\t\t\t\t\t<span class=\"elementor-screen-only\">Youtube<\/span>\n\t\t\t\t\t\t<svg aria-hidden=\"true\" class=\"e-font-icon-svg e-fab-youtube\" viewBox=\"0 0 576 512\" xmlns=\"http:\/\/www.w3.org\/2000\/svg\"><path d=\"M549.655 124.083c-6.281-23.65-24.787-42.276-48.284-48.597C458.781 64 288 64 288 64S117.22 64 74.629 75.486c-23.497 6.322-42.003 24.947-48.284 48.597-11.412 42.867-11.412 132.305-11.412 132.305s0 89.438 11.412 132.305c6.281 23.65 24.787 41.5 48.284 47.821C117.22 448 288 448 288 448s170.78 0 213.371-11.486c23.497-6.321 42.003-24.171 48.284-47.821 11.412-42.867 11.412-132.305 11.412-132.305s0-89.438-11.412-132.305zm-317.51 213.508V175.185l142.739 81.205-142.739 81.201z\"><\/path><\/svg>\t\t\t\t\t<\/a>\n\t\t\t\t<\/span>\n\t\t\t\t\t\t\t<span class=\"elementor-grid-item\" role=\"listitem\">\n\t\t\t\t\t<a class=\"elementor-icon elementor-social-icon elementor-social-icon-mail-bulk elementor-repeater-item-c4b3a84\" href=\"mailto:alejandro@moisesdavia.com\" target=\"_blank\">\n\t\t\t\t\t\t<span class=\"elementor-screen-only\">Mail-bulk<\/span>\n\t\t\t\t\t\t<svg aria-hidden=\"true\" class=\"e-font-icon-svg e-fas-mail-bulk\" viewBox=\"0 0 576 512\" xmlns=\"http:\/\/www.w3.org\/2000\/svg\"><path d=\"M160 448c-25.6 0-51.2-22.4-64-32-64-44.8-83.2-60.8-96-70.4V480c0 17.67 14.33 32 32 32h256c17.67 0 32-14.33 32-32V345.6c-12.8 9.6-32 25.6-96 70.4-12.8 9.6-38.4 32-64 32zm128-192H32c-17.67 0-32 14.33-32 32v16c25.6 19.2 22.4 19.2 115.2 86.4 9.6 6.4 28.8 25.6 44.8 25.6s35.2-19.2 44.8-22.4c92.8-67.2 89.6-67.2 115.2-86.4V288c0-17.67-14.33-32-32-32zm256-96H224c-17.67 0-32 14.33-32 32v32h96c33.21 0 60.59 25.42 63.71 57.82l.29-.22V416h192c17.67 0 32-14.33 32-32V192c0-17.67-14.33-32-32-32zm-32 128h-64v-64h64v64zm-352-96c0-35.29 28.71-64 64-64h224V32c0-17.67-14.33-32-32-32H96C78.33 0 64 14.33 64 32v192h96v-32z\"><\/path><\/svg>\t\t\t\t\t<\/a>\n\t\t\t\t<\/span>\n\t\t\t\t\t\t\t<span class=\"elementor-grid-item\" role=\"listitem\">\n\t\t\t\t\t<a class=\"elementor-icon elementor-social-icon elementor-social-icon-wikipedia-w elementor-repeater-item-f12bd59\" href=\"https:\/\/es.wikipedia.org\/wiki\/Mois%C3%A9s_Davia\" target=\"_blank\">\n\t\t\t\t\t\t<span class=\"elementor-screen-only\">Wikipedia-w<\/span>\n\t\t\t\t\t\t<svg aria-hidden=\"true\" class=\"e-font-icon-svg e-fab-wikipedia-w\" viewBox=\"0 0 640 512\" xmlns=\"http:\/\/www.w3.org\/2000\/svg\"><path d=\"M640 51.2l-.3 12.2c-28.1.8-45 15.8-55.8 40.3-25 57.8-103.3 240-155.3 358.6H415l-81.9-193.1c-32.5 63.6-68.3 130-99.2 193.1-.3.3-15 0-15-.3C172 352.3 122.8 243.4 75.8 133.4 64.4 106.7 26.4 63.4.2 63.7c0-3.1-.3-10-.3-14.2h161.9v13.9c-19.2 1.1-52.8 13.3-43.3 34.2 21.9 49.7 103.6 240.3 125.6 288.6 15-29.7 57.8-109.2 75.3-142.8-13.9-28.3-58.6-133.9-72.8-160-9.7-17.8-36.1-19.4-55.8-19.7V49.8l142.5.3v13.1c-19.4.6-38.1 7.8-29.4 26.1 18.9 40 30.6 68.1 48.1 104.7 5.6-10.8 34.7-69.4 48.1-100.8 8.9-20.6-3.9-28.6-38.6-29.4.3-3.6 0-10.3.3-13.6 44.4-.3 111.1-.3 123.1-.6v13.6c-22.5.8-45.8 12.8-58.1 31.7l-59.2 122.8c6.4 16.1 63.3 142.8 69.2 156.7L559.2 91.8c-8.6-23.1-36.4-28.1-47.2-28.3V49.6l127.8 1.1.2.5z\"><\/path><\/svg>\t\t\t\t\t<\/a>\n\t\t\t\t<\/span>\n\t\t\t\t\t<\/div>\n\t\t\t\t\t\t<\/div>\n\t\t\t\t<\/div>\n\t\t\t\t\t<\/div>\n\t\t<\/div>\n\t\t\t\t\t<\/div>\n\t\t<\/section>\n\t\t\t\t<\/div>\n\t\t","protected":false},"excerpt":{"rendered":"<p>Toda la informaci\u00f3n publicada y compartida en este sitio ha sido recopilada por Alejandro Ruiz Davia&nbsp;(nieto de Mois\u00e9s Davia) con la inestimable colaboraci\u00f3n de mi abuela&nbsp;Paquita Moratilla&nbsp;Redondo&nbsp;(viuda de Mois\u00e9s Davia), quien fue la principal colaboradora y fuente de informaci\u00f3n desde que empec\u00e9 este proyecto a principios del siglo XXI. Alejandro Ruiz DaviaNieto de Mois\u00e9s Davia&hellip; <br \/> <a class=\"read-more\" href=\"https:\/\/moisesdavia.es\/?page_id=336\">Leer m\u00e1s<\/a><\/p>\n","protected":false},"author":1,"featured_media":0,"parent":0,"menu_order":0,"comment_status":"open","ping_status":"closed","template":"","meta":{"om_disable_all_campaigns":false,"_monsterinsights_skip_tracking":false,"_monsterinsights_sitenote_active":false,"_monsterinsights_sitenote_note":"","_monsterinsights_sitenote_category":0,"_uf_show_specific_survey":0,"_uf_disable_surveys":false,"footnotes":""},"class_list":["post-336","page","type-page","status-publish","hentry"],"aioseo_notices":[],"_links":{"self":[{"href":"https:\/\/moisesdavia.es\/index.php?rest_route=\/wp\/v2\/pages\/336","targetHints":{"allow":["GET"]}}],"collection":[{"href":"https:\/\/moisesdavia.es\/index.php?rest_route=\/wp\/v2\/pages"}],"about":[{"href":"https:\/\/moisesdavia.es\/index.php?rest_route=\/wp\/v2\/types\/page"}],"author":[{"embeddable":true,"href":"https:\/\/moisesdavia.es\/index.php?rest_route=\/wp\/v2\/users\/1"}],"replies":[{"embeddable":true,"href":"https:\/\/moisesdavia.es\/index.php?rest_route=%2Fwp%2Fv2%2Fcomments&post=336"}],"version-history":[{"count":46,"href":"https:\/\/moisesdavia.es\/index.php?rest_route=\/wp\/v2\/pages\/336\/revisions"}],"predecessor-version":[{"id":1151,"href":"https:\/\/moisesdavia.es\/index.php?rest_route=\/wp\/v2\/pages\/336\/revisions\/1151"}],"wp:attachment":[{"href":"https:\/\/moisesdavia.es\/index.php?rest_route=%2Fwp%2Fv2%2Fmedia&parent=336"}],"curies":[{"name":"wp","href":"https:\/\/api.w.org\/{rel}","templated":true}]}}