{"id":7,"date":"2019-12-19T19:46:40","date_gmt":"2019-12-19T19:46:40","guid":{"rendered":"http:\/\/moisesdavia.es\/?page_id=7"},"modified":"2020-09-25T14:47:34","modified_gmt":"2020-09-25T13:47:34","slug":"mesmerize","status":"publish","type":"page","link":"https:\/\/moisesdavia.es\/","title":{"rendered":"Inicio"},"content":{"rendered":"\t\t<div data-elementor-type=\"wp-page\" data-elementor-id=\"7\" class=\"elementor elementor-7\">\n\t\t\t\t\t\t<section class=\"elementor-section elementor-top-section elementor-element elementor-element-e7d3f87 elementor-section-boxed elementor-section-height-default elementor-section-height-default\" data-id=\"e7d3f87\" data-element_type=\"section\" data-e-type=\"section\">\n\t\t\t\t\t\t<div class=\"elementor-container elementor-column-gap-default\">\n\t\t\t\t\t<div class=\"elementor-column elementor-col-100 elementor-top-column elementor-element elementor-element-08343dd\" data-id=\"08343dd\" data-element_type=\"column\" data-e-type=\"column\">\n\t\t\t<div class=\"elementor-widget-wrap elementor-element-populated\">\n\t\t\t\t\t\t<div class=\"elementor-element elementor-element-e364e64 elementor-widget elementor-widget-spacer\" data-id=\"e364e64\" data-element_type=\"widget\" data-e-type=\"widget\" data-widget_type=\"spacer.default\">\n\t\t\t\t<div class=\"elementor-widget-container\">\n\t\t\t\t\t\t\t<div class=\"elementor-spacer\">\n\t\t\t<div class=\"elementor-spacer-inner\"><\/div>\n\t\t<\/div>\n\t\t\t\t\t\t<\/div>\n\t\t\t\t<\/div>\n\t\t\t\t<div class=\"elementor-element elementor-element-886fc4c elementor-widget elementor-widget-text-editor\" data-id=\"886fc4c\" data-element_type=\"widget\" data-e-type=\"widget\" data-widget_type=\"text-editor.default\">\n\t\t\t\t<div class=\"elementor-widget-container\">\n\t\t\t\t\t\t\t\t\t<p>Mois\u00e9s Davia Soriano (Chinchilla 1922 &#8211; Madrid 1994), director de Bandas de M\u00fasica, Orquestas, Corales y Compositor del siglo XX.<\/p>\n<p>Fue director de numerosas bandas municipales (Casas Ib\u00e1\u00f1ez, Santiago, Jerez de la Frontera, Alicante, Madrid, etc.) y autor de varias obras para Orquesta, Cuartetos, Orquestas de C\u00e1mara, Bandas, Coros, Piano, etc.<\/p>\n<p><o:p><\/o:p><\/p>\n<p>Algunas de sus obras m\u00e1s conocidas son Boda Alicantina, Plegaria a la Santa Faz, Himno a Chinchilla, Himno a Santa Pola, Himno a Denia,&nbsp;El Ni\u00f1o Pobre,&nbsp;La Cueva Cristalina, Rapsodia Manchega, Hoguera de Calvo Sotelo, etc, Muchas de sus obras siguen siendo interpretadas hoy en d\u00eda por Bandas de M\u00fasica y Agrupaciones Corales de toda Espa\u00f1a.<\/p>\n<p><o:p><\/o:p><\/p>\n<p>A trav\u00e9s de estas p\u00e1ginas, sus descendientes queremos rendirle homenaje y mantener viva su obra como Director de Bandas de M\u00fasica<br>y Orquestas, dando a conocer sus numerosas obras como Compositor y sobre todo poniendo en valor su figura como persona de referencia que ha sido para toda nuestra familia.<\/p>\n<p><o:p><\/o:p><\/p>\t\t\t\t\t\t\t\t<\/div>\n\t\t\t\t<\/div>\n\t\t\t\t\t<\/div>\n\t\t<\/div>\n\t\t\t\t\t<\/div>\n\t\t<\/section>\n\t\t\t\t<section class=\"elementor-section elementor-top-section elementor-element elementor-element-b6d9384 elementor-section-boxed elementor-section-height-default elementor-section-height-default\" data-id=\"b6d9384\" data-element_type=\"section\" data-e-type=\"section\">\n\t\t\t\t\t\t<div class=\"elementor-container elementor-column-gap-default\">\n\t\t\t\t\t<div class=\"elementor-column elementor-col-100 elementor-top-column elementor-element elementor-element-d5700fb\" data-id=\"d5700fb\" data-element_type=\"column\" data-e-type=\"column\">\n\t\t\t<div class=\"elementor-widget-wrap elementor-element-populated\">\n\t\t\t\t\t\t<div class=\"elementor-element elementor-element-5b55327 elementor-widget elementor-widget-wp-widget-wp_statistics_widget\" data-id=\"5b55327\" data-element_type=\"widget\" data-e-type=\"widget\" data-widget_type=\"wp-widget-wp_statistics_widget.default\">\n\t\t\t\t<div class=\"elementor-widget-container\">\n\t\t\t\t\t<h5>Estad\u00edsticas<\/h5><ul><li><label>Visitantes en l\u00ednea:&nbsp;<\/label>0<\/li><li><label>Visitantes hoy:&nbsp;<\/label>0<\/li><li><label>Total visitantes:&nbsp;<\/label>55.468<\/li><\/ul>\t\t\t\t<\/div>\n\t\t\t\t<\/div>\n\t\t\t\t<div class=\"elementor-element elementor-element-64063d7 elementor-widget elementor-widget-wp-widget-search\" data-id=\"64063d7\" data-element_type=\"widget\" data-e-type=\"widget\" data-widget_type=\"wp-widget-search.default\">\n\t\t\t\t<div class=\"elementor-widget-container\">\n\t\t\t\t\t<form role=\"search\" method=\"get\" class=\"search-form\" action=\"https:\/\/moisesdavia.es\/\">\n    <label>\n        <span class=\"screen-reader-text\">Buscar:<\/span>\n        <input type=\"search\" class=\"search-field\" placeholder=\"Buscar &hellip;\" value=\"\" name=\"s\"\/>\n    <\/label>\n<\/form>\n\t\t\t\t<\/div>\n\t\t\t\t<\/div>\n\t\t\t\t\t<\/div>\n\t\t<\/div>\n\t\t\t\t\t<\/div>\n\t\t<\/section>\n\t\t\t\t<\/div>\n\t\t","protected":false},"excerpt":{"rendered":"<p>Mois\u00e9s Davia Soriano (Chinchilla 1922 &#8211; Madrid 1994), director de Bandas de M\u00fasica, Orquestas, Corales y Compositor del siglo XX. Fue director de numerosas bandas municipales (Casas Ib\u00e1\u00f1ez, Santiago, Jerez de la Frontera, Alicante, Madrid, etc.) y autor de varias obras para Orquesta, Cuartetos, Orquestas de C\u00e1mara, Bandas, Coros, Piano, etc. Algunas de sus obras&hellip; <br \/> <a class=\"read-more\" href=\"https:\/\/moisesdavia.es\/\">Leer m\u00e1s<\/a><\/p>\n","protected":false},"author":1,"featured_media":0,"parent":0,"menu_order":0,"comment_status":"closed","ping_status":"closed","template":"page-templates\/homepage.php","meta":{"om_disable_all_campaigns":false,"_monsterinsights_skip_tracking":false,"_monsterinsights_sitenote_active":false,"_monsterinsights_sitenote_note":"","_monsterinsights_sitenote_category":0,"_uf_show_specific_survey":0,"_uf_disable_surveys":false,"footnotes":""},"class_list":["post-7","page","type-page","status-publish","hentry"],"aioseo_notices":[],"_links":{"self":[{"href":"https:\/\/moisesdavia.es\/index.php?rest_route=\/wp\/v2\/pages\/7","targetHints":{"allow":["GET"]}}],"collection":[{"href":"https:\/\/moisesdavia.es\/index.php?rest_route=\/wp\/v2\/pages"}],"about":[{"href":"https:\/\/moisesdavia.es\/index.php?rest_route=\/wp\/v2\/types\/page"}],"author":[{"embeddable":true,"href":"https:\/\/moisesdavia.es\/index.php?rest_route=\/wp\/v2\/users\/1"}],"replies":[{"embeddable":true,"href":"https:\/\/moisesdavia.es\/index.php?rest_route=%2Fwp%2Fv2%2Fcomments&post=7"}],"version-history":[{"count":33,"href":"https:\/\/moisesdavia.es\/index.php?rest_route=\/wp\/v2\/pages\/7\/revisions"}],"predecessor-version":[{"id":809,"href":"https:\/\/moisesdavia.es\/index.php?rest_route=\/wp\/v2\/pages\/7\/revisions\/809"}],"wp:attachment":[{"href":"https:\/\/moisesdavia.es\/index.php?rest_route=%2Fwp%2Fv2%2Fmedia&parent=7"}],"curies":[{"name":"wp","href":"https:\/\/api.w.org\/{rel}","templated":true}]}}